{"id":22483,"date":"2023-03-15T14:34:26","date_gmt":"2023-03-15T13:34:26","guid":{"rendered":"https:\/\/www.elkho-group.com\/das-unternehmen\/"},"modified":"2023-08-18T09:37:38","modified_gmt":"2023-08-18T07:37:38","slug":"unsere-gesellschaft","status":"publish","type":"page","link":"https:\/\/www.elkho-group.com\/de\/unsere-gesellschaft\/","title":{"rendered":"Das Unternehmen"},"content":{"rendered":"\t\t<div data-elementor-type=\"wp-page\" data-elementor-id=\"22483\" class=\"elementor elementor-22483 elementor-21891\" data-elementor-post-type=\"page\">\n\t\t\t\t\t\t<section class=\"elementor-section elementor-top-section elementor-element elementor-element-80bb15c elementor-section-stretched elementor-section-boxed elementor-section-height-default elementor-section-height-default\" data-id=\"80bb15c\" data-element_type=\"section\" data-e-type=\"section\" data-settings=\"{&quot;stretch_section&quot;:&quot;section-stretched&quot;,&quot;background_background&quot;:&quot;classic&quot;}\">\n\t\t\t\t\t\t<div class=\"elementor-container elementor-column-gap-default\">\n\t\t\t\t\t<div class=\"elementor-column elementor-col-50 elementor-top-column elementor-element elementor-element-951ba96\" data-id=\"951ba96\" data-element_type=\"column\" data-e-type=\"column\">\n\t\t\t<div class=\"elementor-widget-wrap elementor-element-populated\">\n\t\t\t\t\t\t<div class=\"elementor-element elementor-element-098afe3 elementor-widget elementor-widget-text-editor\" data-id=\"098afe3\" data-element_type=\"widget\" data-e-type=\"widget\" data-widget_type=\"text-editor.default\">\n\t\t\t\t<div class=\"elementor-widget-container\">\n\t\t\t\t\t\t\t\t\t<p><span style=\"color: #000000;\">Das Unternehmen <strong>ELKHO GROUP<\/strong> ist auf die <strong>Beratung<\/strong>, die <strong>Suche<\/strong> und die <strong>Auswahl<\/strong> von Fach- und F\u00fchrungskr\u00e4ften in Frankreich und auf internationaler Ebene spezialisiert. Unsere erfahrenen Beraterteams setzen sich aus Experten zusammen, die sich an die Bed\u00fcrfnisse der anspruchsvollsten und hoch spezialisiertesten Kunden anpassen und diese analysieren k\u00f6nnen. Erfolgreiche Suchen f\u00fcr die Manager und Personalleiter von Unternehmen sind die Grundlage unseres guten Rufes.<\/span><\/p>\n<p><span style=\"color: #000000;\">Unser spezieller Suchprozess variiert \u201edirekten Kontakt, Anzeigen im Internet, Datenbanken, Empfehlungen, Kooptation, pers\u00f6nliche Kontakte &#8230;\u201c und hat sich als erfolgreich bewiesen. Er verschafft uns die notwendige Kapazit\u00e4t sowohl f\u00fcr das Recruiting als auch f\u00fcr die Perfektionierung von Teams von Fach- und F\u00fchrungskr\u00e4ften mit verschiedensten F\u00e4higkeiten.<\/span><\/p>\n\t\t\t\t\t\t\t\t<\/div>\n\t\t\t\t<\/div>\n\t\t\t\t\t<\/div>\n\t\t<\/div>\n\t\t\t\t<div class=\"elementor-column elementor-col-50 elementor-top-column elementor-element elementor-element-f9deccf\" data-id=\"f9deccf\" data-element_type=\"column\" data-e-type=\"column\">\n\t\t\t<div class=\"elementor-widget-wrap elementor-element-populated\">\n\t\t\t\t\t\t<div class=\"elementor-element elementor-element-a75c87a elementor-widget elementor-widget-text-editor\" data-id=\"a75c87a\" data-element_type=\"widget\" data-e-type=\"widget\" data-widget_type=\"text-editor.default\">\n\t\t\t\t<div class=\"elementor-widget-container\">\n\t\t\t\t\t\t\t\t\t<p><span style=\"color: #000000;\">Wir arbeiten in engem Kontakt mit unseren Kunden, um so tiefe und langfristige Beziehungen aufzubauen und individuelle L\u00f6sungen zu finden, die sowohl kurz- als auch mittel- und langfristig erfolgreich sind.<\/span><\/p>\n<p><span style=\"color: #000000;\">Wir haben verschiedene Vorgehensweisen und L\u00f6sungsans\u00e4tze, darunter psychometrische Tests und strukturierte Gespr\u00e4che, deren Techniken verhaltensabh\u00e4ngig sind und auf praktischen Szenarien sowie Vergleichsanalysen basieren.<\/span><\/p>\n\t\t\t\t\t\t\t\t<\/div>\n\t\t\t\t<\/div>\n\t\t\t\t\t<\/div>\n\t\t<\/div>\n\t\t\t\t\t<\/div>\n\t\t<\/section>\n\t\t\t\t<section class=\"elementor-section elementor-top-section elementor-element elementor-element-88dd29e elementor-section-boxed elementor-section-height-default elementor-section-height-default\" data-id=\"88dd29e\" data-element_type=\"section\" data-e-type=\"section\">\n\t\t\t\t\t\t<div class=\"elementor-container elementor-column-gap-default\">\n\t\t\t\t\t<div class=\"elementor-column elementor-col-50 elementor-top-column elementor-element elementor-element-da6d406\" data-id=\"da6d406\" data-element_type=\"column\" data-e-type=\"column\">\n\t\t\t<div class=\"elementor-widget-wrap elementor-element-populated\">\n\t\t\t\t\t\t<div class=\"elementor-element elementor-element-dd04c62 elementor-widget__width-initial elementor-widget elementor-widget-heading\" data-id=\"dd04c62\" data-element_type=\"widget\" data-e-type=\"widget\" data-settings=\"{&quot;_animation_tablet&quot;:&quot;fadeIn&quot;}\" data-widget_type=\"heading.default\">\n\t\t\t\t<div class=\"elementor-widget-container\">\n\t\t\t\t\t<h2 class=\"elementor-heading-title elementor-size-default\">Hier ein \u00dcberblick \u00fcber die h\u00e4ufigen Einstellungen der ELKHO GROUP:<\/h2>\t\t\t\t<\/div>\n\t\t\t\t<\/div>\n\t\t\t\t\t<\/div>\n\t\t<\/div>\n\t\t\t\t<div class=\"elementor-column elementor-col-50 elementor-top-column elementor-element elementor-element-43c92d6\" data-id=\"43c92d6\" data-element_type=\"column\" data-e-type=\"column\">\n\t\t\t<div class=\"elementor-widget-wrap elementor-element-populated\">\n\t\t\t\t\t\t<div class=\"elementor-element elementor-element-6e21af0 elementor-align-left elementor-widget__width-initial elementor-widget elementor-widget-button\" data-id=\"6e21af0\" data-element_type=\"widget\" data-e-type=\"widget\" data-widget_type=\"button.default\">\n\t\t\t\t<div class=\"elementor-widget-container\">\n\t\t\t\t\t\t\t\t\t<div class=\"elementor-button-wrapper\">\n\t\t\t\t\t<a class=\"elementor-button elementor-button-link elementor-size-sm elementor-animation-grow\" href=\"https:\/\/www.elkho-group.com\/de\/jobboard\/\">\n\t\t\t\t\t\t<span class=\"elementor-button-content-wrapper\">\n\t\t\t\t\t\t\t\t\t<span class=\"elementor-button-text\">Senior-Privatbankier<\/span>\n\t\t\t\t\t<\/span>\n\t\t\t\t\t<\/a>\n\t\t\t\t<\/div>\n\t\t\t\t\t\t\t\t<\/div>\n\t\t\t\t<\/div>\n\t\t\t\t<div class=\"elementor-element elementor-element-3b873ef elementor-align-left elementor-widget__width-initial elementor-widget elementor-widget-button\" data-id=\"3b873ef\" data-element_type=\"widget\" data-e-type=\"widget\" data-widget_type=\"button.default\">\n\t\t\t\t<div class=\"elementor-widget-container\">\n\t\t\t\t\t\t\t\t\t<div class=\"elementor-button-wrapper\">\n\t\t\t\t\t<a class=\"elementor-button elementor-button-link elementor-size-sm elementor-animation-grow\" href=\"https:\/\/www.elkho-group.com\/de\/jobboard\/\">\n\t\t\t\t\t\t<span class=\"elementor-button-content-wrapper\">\n\t\t\t\t\t\t\t\t\t<span class=\"elementor-button-text\">Verm\u00f6gensverwalter<\/span>\n\t\t\t\t\t<\/span>\n\t\t\t\t\t<\/a>\n\t\t\t\t<\/div>\n\t\t\t\t\t\t\t\t<\/div>\n\t\t\t\t<\/div>\n\t\t\t\t<div class=\"elementor-element elementor-element-d023173 elementor-align-left elementor-widget__width-initial elementor-widget elementor-widget-button\" data-id=\"d023173\" data-element_type=\"widget\" data-e-type=\"widget\" data-widget_type=\"button.default\">\n\t\t\t\t<div class=\"elementor-widget-container\">\n\t\t\t\t\t\t\t\t\t<div class=\"elementor-button-wrapper\">\n\t\t\t\t\t<a class=\"elementor-button elementor-button-link elementor-size-sm elementor-animation-grow\" href=\"https:\/\/www.elkho-group.com\/de\/jobboard\/\">\n\t\t\t\t\t\t<span class=\"elementor-button-content-wrapper\">\n\t\t\t\t\t\t\t\t\t<span class=\"elementor-button-text\">Ingenieur f\u00fcr Verm\u00f6gensfragen<\/span>\n\t\t\t\t\t<\/span>\n\t\t\t\t\t<\/a>\n\t\t\t\t<\/div>\n\t\t\t\t\t\t\t\t<\/div>\n\t\t\t\t<\/div>\n\t\t\t\t<div class=\"elementor-element elementor-element-58224b3 elementor-align-left elementor-widget__width-initial elementor-widget elementor-widget-button\" data-id=\"58224b3\" data-element_type=\"widget\" data-e-type=\"widget\" data-widget_type=\"button.default\">\n\t\t\t\t<div class=\"elementor-widget-container\">\n\t\t\t\t\t\t\t\t\t<div class=\"elementor-button-wrapper\">\n\t\t\t\t\t<a class=\"elementor-button elementor-button-link elementor-size-sm elementor-animation-grow\" href=\"https:\/\/www.elkho-group.com\/de\/jobboard\/\">\n\t\t\t\t\t\t<span class=\"elementor-button-content-wrapper\">\n\t\t\t\t\t\t\t\t\t<span class=\"elementor-button-text\">Leiter einer Bankfiliale<\/span>\n\t\t\t\t\t<\/span>\n\t\t\t\t\t<\/a>\n\t\t\t\t<\/div>\n\t\t\t\t\t\t\t\t<\/div>\n\t\t\t\t<\/div>\n\t\t\t\t<div class=\"elementor-element elementor-element-85fde5a elementor-align-center elementor-widget__width-initial elementor-hidden-tablet elementor-hidden-mobile elementor-widget elementor-widget-button\" data-id=\"85fde5a\" data-element_type=\"widget\" data-e-type=\"widget\" data-widget_type=\"button.default\">\n\t\t\t\t<div class=\"elementor-widget-container\">\n\t\t\t\t\t\t\t\t\t<div class=\"elementor-button-wrapper\">\n\t\t\t\t\t<a class=\"elementor-button elementor-button-link elementor-size-sm elementor-animation-grow\" href=\"https:\/\/www.elkho-group.com\/de\/jobboard\/\">\n\t\t\t\t\t\t<span class=\"elementor-button-content-wrapper\">\n\t\t\t\t\t\t\t\t\t<span class=\"elementor-button-text\">Family Officer<\/span>\n\t\t\t\t\t<\/span>\n\t\t\t\t\t<\/a>\n\t\t\t\t<\/div>\n\t\t\t\t\t\t\t\t<\/div>\n\t\t\t\t<\/div>\n\t\t\t\t<div class=\"elementor-element elementor-element-5d4a8d0 elementor-align-center elementor-widget__width-initial elementor-hidden-tablet elementor-hidden-mobile elementor-widget elementor-widget-button\" data-id=\"5d4a8d0\" data-element_type=\"widget\" data-e-type=\"widget\" data-widget_type=\"button.default\">\n\t\t\t\t<div class=\"elementor-widget-container\">\n\t\t\t\t\t\t\t\t\t<div class=\"elementor-button-wrapper\">\n\t\t\t\t\t<a class=\"elementor-button elementor-button-link elementor-size-sm elementor-animation-grow\" href=\"https:\/\/www.elkho-group.com\/de\/jobboard\/\">\n\t\t\t\t\t\t<span class=\"elementor-button-content-wrapper\">\n\t\t\t\t\t\t\t\t\t<span class=\"elementor-button-text\">Regionalleiter <\/span>\n\t\t\t\t\t<\/span>\n\t\t\t\t\t<\/a>\n\t\t\t\t<\/div>\n\t\t\t\t\t\t\t\t<\/div>\n\t\t\t\t<\/div>\n\t\t\t\t<div class=\"elementor-element elementor-element-022cbdf elementor-align-center elementor-widget__width-initial elementor-hidden-tablet elementor-hidden-mobile elementor-widget elementor-widget-button\" data-id=\"022cbdf\" data-element_type=\"widget\" data-e-type=\"widget\" data-widget_type=\"button.default\">\n\t\t\t\t<div class=\"elementor-widget-container\">\n\t\t\t\t\t\t\t\t\t<div class=\"elementor-button-wrapper\">\n\t\t\t\t\t<a class=\"elementor-button elementor-button-link elementor-size-sm elementor-animation-grow\" href=\"https:\/\/www.elkho-group.com\/de\/jobboard\/\">\n\t\t\t\t\t\t<span class=\"elementor-button-content-wrapper\">\n\t\t\t\t\t\t\t\t\t<span class=\"elementor-button-text\">Finanzanalytiker<\/span>\n\t\t\t\t\t<\/span>\n\t\t\t\t\t<\/a>\n\t\t\t\t<\/div>\n\t\t\t\t\t\t\t\t<\/div>\n\t\t\t\t<\/div>\n\t\t\t\t<div class=\"elementor-element elementor-element-612c615 elementor-align-center elementor-widget__width-initial elementor-hidden-tablet elementor-hidden-mobile elementor-widget elementor-widget-button\" data-id=\"612c615\" data-element_type=\"widget\" data-e-type=\"widget\" data-widget_type=\"button.default\">\n\t\t\t\t<div class=\"elementor-widget-container\">\n\t\t\t\t\t\t\t\t\t<div class=\"elementor-button-wrapper\">\n\t\t\t\t\t<a class=\"elementor-button elementor-button-link elementor-size-sm elementor-animation-grow\" href=\"https:\/\/www.elkho-group.com\/de\/jobboard\/\">\n\t\t\t\t\t\t<span class=\"elementor-button-content-wrapper\">\n\t\t\t\t\t\t\t\t\t<span class=\"elementor-button-text\">Head of Corporate<\/span>\n\t\t\t\t\t<\/span>\n\t\t\t\t\t<\/a>\n\t\t\t\t<\/div>\n\t\t\t\t\t\t\t\t<\/div>\n\t\t\t\t<\/div>\n\t\t\t\t<div class=\"elementor-element elementor-element-f05a077 elementor-align-center elementor-widget__width-initial elementor-hidden-tablet elementor-hidden-mobile elementor-widget elementor-widget-button\" data-id=\"f05a077\" data-element_type=\"widget\" data-e-type=\"widget\" data-widget_type=\"button.default\">\n\t\t\t\t<div class=\"elementor-widget-container\">\n\t\t\t\t\t\t\t\t\t<div class=\"elementor-button-wrapper\">\n\t\t\t\t\t<a class=\"elementor-button elementor-button-link elementor-size-sm elementor-animation-grow\" href=\"https:\/\/www.elkho-group.com\/de\/jobboard\/\">\n\t\t\t\t\t\t<span class=\"elementor-button-content-wrapper\">\n\t\t\t\t\t\t\t\t\t<span class=\"elementor-button-text\">Group RH Director<\/span>\n\t\t\t\t\t<\/span>\n\t\t\t\t\t<\/a>\n\t\t\t\t<\/div>\n\t\t\t\t\t\t\t\t<\/div>\n\t\t\t\t<\/div>\n\t\t\t\t<div class=\"elementor-element elementor-element-d1b05eb elementor-align-center elementor-widget__width-initial elementor-mobile-align-left elementor-widget elementor-widget-button\" data-id=\"d1b05eb\" data-element_type=\"widget\" data-e-type=\"widget\" data-widget_type=\"button.default\">\n\t\t\t\t<div class=\"elementor-widget-container\">\n\t\t\t\t\t\t\t\t\t<div class=\"elementor-button-wrapper\">\n\t\t\t\t\t<a class=\"elementor-button elementor-button-link elementor-size-sm elementor-animation-grow\" href=\"https:\/\/www.elkho-group.com\/de\/jobboard\/\">\n\t\t\t\t\t\t<span class=\"elementor-button-content-wrapper\">\n\t\t\t\t\t\t<span class=\"elementor-button-icon\">\n\t\t\t\t<i aria-hidden=\"true\" class=\" dt-icon-the7-arrow-532\"><\/i>\t\t\t<\/span>\n\t\t\t\t\t\t\t\t\t<span class=\"elementor-button-text\">alle anzeigen<\/span>\n\t\t\t\t\t<\/span>\n\t\t\t\t\t<\/a>\n\t\t\t\t<\/div>\n\t\t\t\t\t\t\t\t<\/div>\n\t\t\t\t<\/div>\n\t\t\t\t\t<\/div>\n\t\t<\/div>\n\t\t\t\t\t<\/div>\n\t\t<\/section>\n\t\t\t\t<section class=\"elementor-section elementor-top-section elementor-element elementor-element-5c048e2 elementor-section-stretched elementor-section-boxed elementor-section-height-default elementor-section-height-default\" data-id=\"5c048e2\" data-element_type=\"section\" data-e-type=\"section\" data-settings=\"{&quot;stretch_section&quot;:&quot;section-stretched&quot;,&quot;background_background&quot;:&quot;classic&quot;}\">\n\t\t\t\t\t\t<div class=\"elementor-container elementor-column-gap-default\">\n\t\t\t\t\t<div class=\"elementor-column elementor-col-100 elementor-top-column elementor-element elementor-element-cb4a833\" data-id=\"cb4a833\" data-element_type=\"column\" data-e-type=\"column\" data-settings=\"{&quot;background_background&quot;:&quot;classic&quot;}\">\n\t\t\t<div class=\"elementor-widget-wrap elementor-element-populated\">\n\t\t\t\t\t<div class=\"elementor-background-overlay\"><\/div>\n\t\t\t\t\t\t<div class=\"elementor-element elementor-element-38fe6a6 elementor-widget-mobile__width-inherit elementor-widget elementor-widget-heading\" data-id=\"38fe6a6\" data-element_type=\"widget\" data-e-type=\"widget\" data-widget_type=\"heading.default\">\n\t\t\t\t<div class=\"elementor-widget-container\">\n\t\t\t\t\t<h2 class=\"elementor-heading-title elementor-size-default\">Hier ein kurzer \u00dcberblick \u00fcber unsere Kompetenzbereiche in der Personalbeschaffung:<\/h2>\t\t\t\t<\/div>\n\t\t\t\t<\/div>\n\t\t\t\t<div class=\"elementor-element elementor-element-9036813 elementor-widget-mobile__width-inherit elementor-widget elementor-widget-text-editor\" data-id=\"9036813\" data-element_type=\"widget\" data-e-type=\"widget\" data-widget_type=\"text-editor.default\">\n\t\t\t\t<div class=\"elementor-widget-container\">\n\t\t\t\t\t\t\t\t\t<ul style=\"text-align: justify;\">\n<li><span style=\"color: #ffffff;\">Verst\u00e4ndnis des Unternehmens und des Kunden mit seinen Bed\u00fcrfnissen<\/span><\/li>\n<li><span style=\"color: #ffffff;\">Beratung f\u00fcr eine nachhaltige Wachstumsstrategie<\/span><\/li>\n<li><span style=\"color: #ffffff;\">Beratung bei der Verg\u00fctung<\/span><\/li>\n<li><span style=\"color: #ffffff;\">Einstellung von jungen, erfahrenen oder Senior-Fach- und F\u00fchrungskr\u00e4ften sowie Vorstandsvorsitzenden<\/span><\/li>\n<li><span style=\"color: #ffffff;\">Platzierung leitender F\u00fchrungskr\u00e4fte auf Zeit<\/span><\/li>\n<li><span style=\"color: #ffffff;\">Beratung zum Erhalt der Mitarbeiterschaft<\/span><\/li>\n<li><span style=\"color: #ffffff;\">Interne Kompetenzbilanz<\/span><\/li>\n<li><span style=\"color: #ffffff;\">Beratung bei der Personalstrategie<\/span><\/li>\n<li><span style=\"color: #ffffff;\">Kompetenzbewertungen<\/span><\/li>\n<\/ul>\n\t\t\t\t\t\t\t\t<\/div>\n\t\t\t\t<\/div>\n\t\t\t\t\t<\/div>\n\t\t<\/div>\n\t\t\t\t\t<\/div>\n\t\t<\/section>\n\t\t\t\t<section class=\"elementor-section elementor-top-section elementor-element elementor-element-52d4d67c elementor-section-boxed elementor-section-height-default elementor-section-height-default\" data-id=\"52d4d67c\" data-element_type=\"section\" data-e-type=\"section\">\n\t\t\t\t\t\t<div class=\"elementor-container elementor-column-gap-default\">\n\t\t\t\t\t<div class=\"elementor-column elementor-col-100 elementor-top-column elementor-element elementor-element-389b072c\" data-id=\"389b072c\" data-element_type=\"column\" data-e-type=\"column\">\n\t\t\t<div class=\"elementor-widget-wrap elementor-element-populated\">\n\t\t\t\t\t\t<div class=\"elementor-element elementor-element-226a9277 elementor-widget elementor-widget-text-editor\" data-id=\"226a9277\" data-element_type=\"widget\" data-e-type=\"widget\" data-widget_type=\"text-editor.default\">\n\t\t\t\t<div class=\"elementor-widget-container\">\n\t\t\t\t\t\t\t\t\t<p style=\"text-align: left;\"><span style=\"color: #000000; font-size: 12pt;\"><strong>ELKHO GROUP<\/strong> erh\u00e4lt regelm\u00e4\u00dfig neue Auftr\u00e4ge: In der Rubrik \u201eNews\u201c k\u00f6nnen Sie sich u.a. \u00fcber unsere neuesten Suchen informieren und in der Rubrik \u201e<a href=\"https:\/\/www.elkho-group.com\/de\/jobboard\/\">Stellenangebote<\/a>\u201c finden Sie die aktuellen Anzeigen.<\/span><\/p>\n<p style=\"text-align: left;\"><span style=\"color: #000000; font-size: 12pt;\">F\u00fcr einen umfangreichen und kompletten Einstellungsprozess bietet <strong>ELKHO GROUP<\/strong><strong> <\/strong>zielorientierte und individuelle Kommunikationsleistungen an, die auf die Kundenbed\u00fcrfnisse abgestimmt sind. Dies beinhaltet strategische Hilfen beim Marketing und der Kommunikation, damit sich unsere Kunden auf der Suche nach den besten Mitarbeitern als Arbeitgeber erster Wahl durchsetzen k\u00f6nnen. Im Bereich der Personalbeschaffung bieten wir eine ideale Unterst\u00fctzung bei regionalen, nationalen oder internationalen Werbema\u00dfnahmen. Unser Kommunikationsangebot umfasst die Suche, den Kauf spezieller Medien, die Pr\u00e4sentationen und strategischen Bewertungen der Ergebnisse jeder Werbekampagne.<\/span><\/p>\n<p style=\"text-align: justify;\"><span style=\"color: #000000; font-size: 12pt;\">Sie m\u00f6chten strukturieren, Mitarbeiter einstellen, sich verbessern oder Ihre Mitarbeiterschaft und Ihren Nutzeffekt dynamisieren?<\/span><\/p>\n<p><span style=\"color: #000000; font-size: 12pt;\"><strong>ELKHO GROUP<\/strong> begleitet Sie bei all Ihren Prozessen des Personalmanagements.<\/span><\/p>\n\t\t\t\t\t\t\t\t<\/div>\n\t\t\t\t<\/div>\n\t\t\t\t<div class=\"elementor-element elementor-element-c0a9376 elementor-widget elementor-widget-button\" data-id=\"c0a9376\" data-element_type=\"widget\" data-e-type=\"widget\" data-widget_type=\"button.default\">\n\t\t\t\t<div class=\"elementor-widget-container\">\n\t\t\t\t\t\t\t\t\t<div class=\"elementor-button-wrapper\">\n\t\t\t\t\t<a class=\"elementor-button elementor-button-link elementor-size-sm elementor-animation-grow\" href=\"https:\/\/www.elkho-group.com\/de\/contact-fr\/\">\n\t\t\t\t\t\t<span class=\"elementor-button-content-wrapper\">\n\t\t\t\t\t\t<span class=\"elementor-button-icon\">\n\t\t\t\t<i aria-hidden=\"true\" class=\" dt-icon-the7-arrow-532\"><\/i>\t\t\t<\/span>\n\t\t\t\t\t\t\t\t\t<span class=\"elementor-button-text\">Uns kontaktieren<\/span>\n\t\t\t\t\t<\/span>\n\t\t\t\t\t<\/a>\n\t\t\t\t<\/div>\n\t\t\t\t\t\t\t\t<\/div>\n\t\t\t\t<\/div>\n\t\t\t\t\t<\/div>\n\t\t<\/div>\n\t\t\t\t\t<\/div>\n\t\t<\/section>\n\t\t\t\t<\/div>\n\t\t","protected":false},"excerpt":{"rendered":"<p>Das Unternehmen ELKHO GROUP ist auf die Beratung, die Suche und die Auswahl von Fach- und F\u00fchrungskr\u00e4ften in Frankreich und auf internationaler Ebene spezialisiert. Unsere erfahrenen Beraterteams setzen sich aus Experten zusammen, die sich an die Bed\u00fcrfnisse der anspruchsvollsten und hoch spezialisiertesten Kunden anpassen und diese analysieren k\u00f6nnen. Erfolgreiche Suchen f\u00fcr die Manager und Personalleiter&hellip;<\/p>\n","protected":false},"author":46,"featured_media":0,"parent":0,"menu_order":0,"comment_status":"closed","ping_status":"closed","template":"","meta":{"footnotes":""},"class_list":["post-22483","page","type-page","status-publish","hentry"],"aioseo_notices":[],"_links":{"self":[{"href":"https:\/\/www.elkho-group.com\/de\/wp-json\/wp\/v2\/pages\/22483","targetHints":{"allow":["GET"]}}],"collection":[{"href":"https:\/\/www.elkho-group.com\/de\/wp-json\/wp\/v2\/pages"}],"about":[{"href":"https:\/\/www.elkho-group.com\/de\/wp-json\/wp\/v2\/types\/page"}],"author":[{"embeddable":true,"href":"https:\/\/www.elkho-group.com\/de\/wp-json\/wp\/v2\/users\/46"}],"replies":[{"embeddable":true,"href":"https:\/\/www.elkho-group.com\/de\/wp-json\/wp\/v2\/comments?post=22483"}],"version-history":[{"count":5,"href":"https:\/\/www.elkho-group.com\/de\/wp-json\/wp\/v2\/pages\/22483\/revisions"}],"predecessor-version":[{"id":24172,"href":"https:\/\/www.elkho-group.com\/de\/wp-json\/wp\/v2\/pages\/22483\/revisions\/24172"}],"wp:attachment":[{"href":"https:\/\/www.elkho-group.com\/de\/wp-json\/wp\/v2\/media?parent=22483"}],"curies":[{"name":"wp","href":"https:\/\/api.w.org\/{rel}","templated":true}]}}