{"id":25676,"date":"2024-10-02T11:11:56","date_gmt":"2024-10-02T09:11:56","guid":{"rendered":"https:\/\/www.elkho-group.com\/rechtliche-hinweise\/"},"modified":"2024-10-02T11:11:56","modified_gmt":"2024-10-02T09:11:56","slug":"rechtliche-hinweise","status":"publish","type":"page","link":"https:\/\/www.elkho-group.com\/de\/rechtliche-hinweise\/","title":{"rendered":"Rechtliche Hinweise"},"content":{"rendered":"\t\t<div data-elementor-type=\"wp-page\" data-elementor-id=\"25676\" class=\"elementor elementor-25676 elementor-25653\" data-elementor-post-type=\"page\">\n\t\t\t\t\t\t<section class=\"elementor-section elementor-top-section elementor-element elementor-element-0ec5973 elementor-section-boxed elementor-section-height-default elementor-section-height-default\" data-id=\"0ec5973\" data-element_type=\"section\" data-e-type=\"section\">\n\t\t\t\t\t\t<div class=\"elementor-container elementor-column-gap-default\">\n\t\t\t\t\t<div class=\"elementor-column elementor-col-100 elementor-top-column elementor-element elementor-element-3beb531\" data-id=\"3beb531\" data-element_type=\"column\" data-e-type=\"column\">\n\t\t\t<div class=\"elementor-widget-wrap elementor-element-populated\">\n\t\t\t\t\t\t<div class=\"elementor-element elementor-element-cb7e99c elementor-widget elementor-widget-text-editor\" data-id=\"cb7e99c\" data-element_type=\"widget\" data-e-type=\"widget\" data-widget_type=\"text-editor.default\">\n\t\t\t\t<div class=\"elementor-widget-container\">\n\t\t\t\t\t\t\t\t\t<p><strong>Impressum:<\/strong><\/p>\n<p>Grundlegende Bestimmungen\/F\u00fcr den Inhalt verantwortlich: <strong> Carlos EL KHOURY<\/strong><\/p>\n<p>Firmenbezeichnung: <strong>ELKHO GROUP<\/strong><\/p>\n<p>Domizilierung : ELKHO GROUP,14 rue de la barre, 69400 Limas<\/p>\n<p>Rechtsform: <strong>SASU<\/strong> N\u00b0 de SIREN : <strong>80940113600076<\/strong> APE-Code: <strong>7810Z<\/strong><\/p>\n<ul class=\"wp-block-list\">\n<li><strong>Erstellung der Webseite :<\/strong> <a href=\"http:\/\/www.cmultimedia.com\/\">cmultimedia.com<\/a><\/li>\n<li>Grafisches Design : cmultimedia.com<\/li>\n<li>Bildnachweise : adobe stock, cmultimedia.com<\/li>\n<li><strong>Provider :<\/strong> OVH infog\u00e9rence <a href=\"https:\/\/www.maintenance-cms-wp.fr\/\">https:\/\/www.maintenance-cms-wp.fr<\/a><\/li>\n<li>Instandhaltung der Webseite : <a href=\"https:\/\/www.maintenance-cms-wp.fr\/\">https:\/\/www.maintenance-cms-wp.fr<\/a><\/li>\n<\/ul>\n<p><strong>Urheberrechte:<\/strong><\/p>\n<p>Die allgemeine Struktur sowie die Texte, bewegten oder unbewegten Bilder, T\u00f6ne, Logos und alle anderen Elemente, aus denen diese Website besteht, sind ausschlie\u00dfliches Eigentum des Betreibers der Website <strong>ELKHO GROUP<\/strong>. Jede vollst\u00e4ndige oder teilweise Darstellung dieser Website, gleich durch welches Verfahren, ohne die ausdr\u00fcckliche Genehmigung des Betreibers der Website <strong>ELKHO GROUP<\/strong> ist verboten und stellt eine F\u00e4lschung dar, die gem\u00e4\u00df Artikel L.335-2 ff. des Gesetzes \u00fcber geistiges Eigentum bestraft wird. Die Marken des Betreibers der Website <strong>ELKHO GROUP<\/strong> und seiner Partner sowie die auf der Website abgebildeten Logos sind eingetragene Marken. Jede vollst\u00e4ndige oder teilweise Vervielf\u00e4ltigung dieser Marken oder Logos aus den Elementen der Website ohne die ausdr\u00fcckliche Genehmigung des Betreibers der Website <strong>ELKHO GROUP<\/strong> ist daher im Sinne von Artikel L.713-2 des Gesetzes \u00fcber geistiges Eigentum verboten. Andere auf dieser Website erw\u00e4hnte Marken oder Logos sind Eigentum ihrer jeweiligen Inhaber.   <\/p>\n\t\t\t\t\t\t\t\t<\/div>\n\t\t\t\t<\/div>\n\t\t\t\t\t<\/div>\n\t\t<\/div>\n\t\t\t\t\t<\/div>\n\t\t<\/section>\n\t\t\t\t<\/div>\n\t\t","protected":false},"excerpt":{"rendered":"<p>Impressum: Grundlegende Bestimmungen\/F\u00fcr den Inhalt verantwortlich: Carlos EL KHOURY Firmenbezeichnung: ELKHO GROUP Domizilierung : ELKHO GROUP,14 rue de la barre, 69400 Limas Rechtsform: SASU N\u00b0 de SIREN : 80940113600076 APE-Code: 7810Z Erstellung der Webseite : cmultimedia.com Grafisches Design : cmultimedia.com Bildnachweise : adobe stock, cmultimedia.com Provider : OVH infog\u00e9rence https:\/\/www.maintenance-cms-wp.fr Instandhaltung der Webseite : https:\/\/www.maintenance-cms-wp.fr&hellip;<\/p>\n","protected":false},"author":46,"featured_media":0,"parent":0,"menu_order":0,"comment_status":"closed","ping_status":"closed","template":"","meta":{"footnotes":""},"class_list":["post-25676","page","type-page","status-publish","hentry"],"aioseo_notices":[],"_links":{"self":[{"href":"https:\/\/www.elkho-group.com\/de\/wp-json\/wp\/v2\/pages\/25676","targetHints":{"allow":["GET"]}}],"collection":[{"href":"https:\/\/www.elkho-group.com\/de\/wp-json\/wp\/v2\/pages"}],"about":[{"href":"https:\/\/www.elkho-group.com\/de\/wp-json\/wp\/v2\/types\/page"}],"author":[{"embeddable":true,"href":"https:\/\/www.elkho-group.com\/de\/wp-json\/wp\/v2\/users\/46"}],"replies":[{"embeddable":true,"href":"https:\/\/www.elkho-group.com\/de\/wp-json\/wp\/v2\/comments?post=25676"}],"version-history":[{"count":1,"href":"https:\/\/www.elkho-group.com\/de\/wp-json\/wp\/v2\/pages\/25676\/revisions"}],"predecessor-version":[{"id":25677,"href":"https:\/\/www.elkho-group.com\/de\/wp-json\/wp\/v2\/pages\/25676\/revisions\/25677"}],"wp:attachment":[{"href":"https:\/\/www.elkho-group.com\/de\/wp-json\/wp\/v2\/media?parent=25676"}],"curies":[{"name":"wp","href":"https:\/\/api.w.org\/{rel}","templated":true}]}}