{"id":22493,"date":"2023-03-15T15:14:48","date_gmt":"2023-03-15T14:14:48","guid":{"rendered":"https:\/\/www.elkho-group.com\/nuestros-servicios-2\/"},"modified":"2023-08-18T09:40:24","modified_gmt":"2023-08-18T07:40:24","slug":"nuestros-servicios-2","status":"publish","type":"page","link":"https:\/\/www.elkho-group.com\/es\/nuestros-servicios-2\/","title":{"rendered":"Nuestros servicios"},"content":{"rendered":"\t\t<div data-elementor-type=\"wp-page\" data-elementor-id=\"22493\" class=\"elementor elementor-22493 elementor-21677\" data-elementor-post-type=\"page\">\n\t\t\t\t\t\t<section class=\"elementor-section elementor-top-section elementor-element elementor-element-e321dcc elementor-section-height-min-height elementor-section-stretched elementor-section-full_width elementor-section-height-default elementor-section-items-middle\" data-id=\"e321dcc\" data-element_type=\"section\" data-e-type=\"section\" data-settings=\"{&quot;stretch_section&quot;:&quot;section-stretched&quot;,&quot;background_background&quot;:&quot;classic&quot;}\">\n\t\t\t\t\t\t\t<div class=\"elementor-background-overlay\"><\/div>\n\t\t\t\t\t\t\t<div class=\"elementor-container elementor-column-gap-default\">\n\t\t\t\t\t<div class=\"elementor-column elementor-col-33 elementor-top-column elementor-element elementor-element-0bda101\" data-id=\"0bda101\" data-element_type=\"column\" data-e-type=\"column\">\n\t\t\t<div class=\"elementor-widget-wrap elementor-element-populated\">\n\t\t\t\t\t\t\t<\/div>\n\t\t<\/div>\n\t\t\t\t<div class=\"elementor-column elementor-col-33 elementor-top-column elementor-element elementor-element-dd0c318\" data-id=\"dd0c318\" data-element_type=\"column\" data-e-type=\"column\">\n\t\t\t<div class=\"elementor-widget-wrap elementor-element-populated\">\n\t\t\t\t\t\t<div class=\"elementor-element elementor-element-eba4c3c elementor-widget__width-initial elementor-widget elementor-widget-text-editor\" data-id=\"eba4c3c\" data-element_type=\"widget\" data-e-type=\"widget\" data-widget_type=\"text-editor.default\">\n\t\t\t\t<div class=\"elementor-widget-container\">\n\t\t\t\t\t\t\t\t\t<h1 class=\"elementor-heading-title elementor-size-medium elementor-inline-editing pen\" contenteditable=\"true\" data-elementor-setting-key=\"title\" data-pen-placeholder=\"\u00c9crivez ici...\"><span style=\"font-size: 36pt;\"><strong>Nuestros servicios<\/strong><\/span><\/h1>\n<\/p>\n<p><span style=\"color: #ffffff;\">Adem\u00e1s de nuestra experiencia en contrataci\u00f3n, tambi\u00e9n ofrecemos servicios de evaluaci\u00f3n del rendimiento y coaching organizativo y personal para ayudar a nuestros clientes a alcanzar sus objetivos profesionales.<\/span><\/p>\n\t\t\t\t\t\t\t\t<\/div>\n\t\t\t\t<\/div>\n\t\t\t\t\t<\/div>\n\t\t<\/div>\n\t\t\t\t<div class=\"elementor-column elementor-col-33 elementor-top-column elementor-element elementor-element-7b0f690\" data-id=\"7b0f690\" data-element_type=\"column\" data-e-type=\"column\">\n\t\t\t<div class=\"elementor-widget-wrap elementor-element-populated\">\n\t\t\t\t\t\t\t<\/div>\n\t\t<\/div>\n\t\t\t\t\t<\/div>\n\t\t<\/section>\n\t\t\t\t<section class=\"elementor-section elementor-top-section elementor-element elementor-element-2d6ae33 elementor-section-boxed elementor-section-height-default elementor-section-height-default\" data-id=\"2d6ae33\" data-element_type=\"section\" data-e-type=\"section\">\n\t\t\t\t\t\t<div class=\"elementor-container elementor-column-gap-default\">\n\t\t\t\t\t<div class=\"elementor-column elementor-col-100 elementor-top-column elementor-element elementor-element-79de1e8b\" data-id=\"79de1e8b\" data-element_type=\"column\" data-e-type=\"column\">\n\t\t\t<div class=\"elementor-widget-wrap elementor-element-populated\">\n\t\t\t\t\t\t<div class=\"elementor-element elementor-element-955cd25 the7-e-tabs-view-horizontal the7-e-tabs-nav-justify-flex-start elementor-widget elementor-widget-the7-tabs\" data-id=\"955cd25\" data-element_type=\"widget\" data-e-type=\"widget\" data-settings=\"{&quot;_animation&quot;:&quot;none&quot;,&quot;accordion_breakpoint&quot;:&quot;mobile&quot;}\" data-widget_type=\"the7-tabs.default\">\n\t\t\t\t<div class=\"elementor-widget-container\">\n\t\t\t\t\t\t<div class=\"the7-e-tabs-wrapper\">\n\t\t<div class=\"the7-e-tabs-nav-wrapper\">\n\t\t\t<div class=\"the7-e-tabs-nav-scroll-wrapper\">\n\t\t\t\t<div class=\"the7-e-tabs-nav\" role=\"tablist\">\n\t\t\t\t\t\t\t\t\t\t<span class=\"item-divider\" aria-hidden=\"true\"><\/span>\n\t\t\t\t\t\t\t\t\t\t\t\t<div id=\"the7-e-tab-title-1561\" class=\"the7-e-tab-title\" aria-selected=\"true\" data-tab=\"1\" role=\"tab\" tabindex=\"0\" aria-controls=\"the7-e-tab-content-1561\" aria-expanded=\"false\">\n\t\t\t\t\t\t\t\t\t\t<span class=\"the7-e-tab-icon elementor-icon\" aria-hidden=\"true\"><i class=\"far fa-handshake\"><\/i><\/span>\n\t\t\t\t\t\t\t\t\t\t<h5 class=\"the7-e-tab-title-text\">\n\t\t\t\t\t\t\tReclutamiento de ejecutivos y perfiles de alto potencial\t\t\t\t\t\t\t<\/h5>\n\t\t\t\t\t\t<\/div>\n\t\t\t\t\t\t<span class=\"item-divider\" aria-hidden=\"true\"><\/span>\n\t\t\t\t\t\t\t\t\t\t\t<div id=\"the7-e-tab-title-1562\" class=\"the7-e-tab-title\" aria-selected=\"false\" data-tab=\"2\" role=\"tab\" tabindex=\"-1\" aria-controls=\"the7-e-tab-content-1562\" aria-expanded=\"false\">\n\t\t\t\t\t\t\t\t\t\t<span class=\"the7-e-tab-icon elementor-icon\" aria-hidden=\"true\"><i class=\"far fa-chart-bar\"><\/i><\/span>\n\t\t\t\t\t\t\t\t\t\t<h5 class=\"the7-e-tab-title-text\">\n\t\t\t\t\t\t\tEvaluaci\u00f3n del rendimiento y las competencias\t\t\t\t\t\t\t<\/h5>\n\t\t\t\t\t\t<\/div>\n\t\t\t\t\t\t<span class=\"item-divider\" aria-hidden=\"true\"><\/span>\n\t\t\t\t\t\t\t\t\t\t\t<div id=\"the7-e-tab-title-1563\" class=\"the7-e-tab-title\" aria-selected=\"false\" data-tab=\"3\" role=\"tab\" tabindex=\"-1\" aria-controls=\"the7-e-tab-content-1563\" aria-expanded=\"false\">\n\t\t\t\t\t\t\t\t\t\t<span class=\"the7-e-tab-icon elementor-icon\" aria-hidden=\"true\"><i class=\"fas fa-chalkboard-teacher\"><\/i><\/span>\n\t\t\t\t\t\t\t\t\t\t<h5 class=\"the7-e-tab-title-text\">\n\t\t\t\t\t\t\tCoaching organizativo y desarrollo de personal\t\t\t\t\t\t\t<\/h5>\n\t\t\t\t\t\t<\/div>\n\t\t\t\t\t\t<span class=\"item-divider\" aria-hidden=\"true\"><\/span>\n\t\t\t\t\t\t\t\t\t<\/div>\n\t\t\t<\/div>\n\t\t\t<div class=\"the7-e-tab-nav-button left-button\" role=\"button\" tabindex=\"0\" aria-label=\"Prev tab\"><\/div>\n\t\t\t<div class=\"the7-e-tab-nav-button right-button\" role=\"button\" tabindex=\"0\" aria-label=\"Next tab\"><\/div>\n\t\t<\/div>\n\t\t<div class=\"the7-e-tabs-content\" aria-orientation=\"vertical\">\n\t\t\t<span class=\"item-divider\" aria-hidden=\"true\"><\/span>\n\t\t\t\t\t\t\t<div class=\"the7-e-tab-item-wrapper\" data-tab=\"1\">\n\t\t\t\t\t<div class=\"the7-e-tab-title\" aria-selected=\"true\" data-tab=\"1\" role=\"tab\" tabindex=\"0\" aria-controls=\"elementor-tab-content-1561\" aria-expanded=\"false\">\n\t\t\t\t\t\t\t\t\t<span class=\"the7-e-tab-icon elementor-icon\" aria-hidden=\"true\"><i class=\"far fa-handshake\"><\/i><\/span>\n\t\t\t\t\t\t\t\t\t<h5 class=\"the7-e-tab-title-text\">\n\t\t\t\t\t\t\tReclutamiento de ejecutivos y perfiles de alto potencial\t\t\t\t\t\t<\/h5>\n\t\t\t\t\t<\/div>\n\t\t\t\t\t<div id=\"the7-e-tab-content-1561\" class=\"the7-e-tab-content the7-e-tab-text-content\" data-tab=\"1\" role=\"tabpanel\" aria-labelledby=\"the7-e-tab-title-1561\" tabindex=\"0\" hidden=\"false\"><p>Trabajamos estrechamente con nuestros clientes y candidatos para desarrollar y mantener relaciones de confianza a largo plazo.<\/p>\n<p>Nuestra competencia es reconocida y nos permite ser eficientes en muchos sectores de actividad:<\/p>\n<ul>\n<li>Banco Privado, Sociedad Gestora y Family Office<\/li>\n<li>Finanzas y Contabilidad<\/li>\n<li>Recursos humanos<\/li>\n<li>M\u00e9dico y param\u00e9dico<\/li>\n<li>Tecnolog\u00eda y comunicaci\u00f3n<\/li>\n<\/ul>\n<p>En primer lugar, nuestro \u00e9xito se basa en el an\u00e1lisis profundo y la comprensi\u00f3n de su organizaci\u00f3n, estrategia y necesidades.<\/p>\n<p>Luego, nos aseguramos de seleccionar a los mejores candidatos\/as en l\u00ednea con todos los puntos discutidos anteriormente y, por lo tanto, es probable que generen una satisfacci\u00f3n colectiva (Cliente-Candidato).<\/p>\n<\/div>\n\t\t\t\t<\/div>\n\t\t\t\t<span class=\"item-divider\" aria-hidden=\"true\"><\/span>\n\t\t\t\t\t\t\t<div class=\"the7-e-tab-item-wrapper\" data-tab=\"2\">\n\t\t\t\t\t<div class=\"the7-e-tab-title\" aria-selected=\"false\" data-tab=\"2\" role=\"tab\" tabindex=\"-1\" aria-controls=\"elementor-tab-content-1562\" aria-expanded=\"false\">\n\t\t\t\t\t\t\t\t\t<span class=\"the7-e-tab-icon elementor-icon\" aria-hidden=\"true\"><i class=\"far fa-chart-bar\"><\/i><\/span>\n\t\t\t\t\t\t\t\t\t<h5 class=\"the7-e-tab-title-text\">\n\t\t\t\t\t\t\tEvaluaci\u00f3n del rendimiento y las competencias\t\t\t\t\t\t<\/h5>\n\t\t\t\t\t<\/div>\n\t\t\t\t\t<div id=\"the7-e-tab-content-1562\" class=\"the7-e-tab-content the7-e-tab-text-content\" data-tab=\"2\" role=\"tabpanel\" aria-labelledby=\"the7-e-tab-title-1562\" tabindex=\"0\" hidden=\"hidden\"><p><strong>ELKHO Group<\/strong> ofrece soluciones de acompa\u00f1amiento a medida, incluyendo la evaluaci\u00f3n de las habilidades y del rendimiento de los empleados.<\/p>\n<p>Evaluar las habilidades de sus empleados es un paso esencial para desarrollar la actividad de su empresa. Bien realizada, esta evaluaci\u00f3n mejora el desarrollo de sus empleados y ayuda a ganar eficiencia. Tambi\u00e9n desarrolla la identificaci\u00f3n de personas que disponen de habilidades para que se ocupe un puesto. Sin mencionar que tiene un impacto significativo en la retenci\u00f3n de sus empleados.<\/p>\n<p>Al final, parece imprescindible conocer los recursos de que dispone su empresa.<\/p>\n<p>Trabajamos con usted para construir juntos un plan de acci\u00f3n eficaz:<\/p>\n<ul>\n<li>Creaci\u00f3n o modificaci\u00f3n del proceso completo de evaluaci\u00f3n de personas<\/li>\n<li>Acompa\u00f1amiento en la pol\u00edtica de remuneraci\u00f3n de su empresa<\/li>\n<li>Acompa\u00f1amiento en la lealtad y motivaci\u00f3n de sus empleados<\/li>\n<\/ul>\n<\/div>\n\t\t\t\t<\/div>\n\t\t\t\t<span class=\"item-divider\" aria-hidden=\"true\"><\/span>\n\t\t\t\t\t\t\t<div class=\"the7-e-tab-item-wrapper\" data-tab=\"3\">\n\t\t\t\t\t<div class=\"the7-e-tab-title\" aria-selected=\"false\" data-tab=\"3\" role=\"tab\" tabindex=\"-1\" aria-controls=\"elementor-tab-content-1563\" aria-expanded=\"false\">\n\t\t\t\t\t\t\t\t\t<span class=\"the7-e-tab-icon elementor-icon\" aria-hidden=\"true\"><i class=\"fas fa-chalkboard-teacher\"><\/i><\/span>\n\t\t\t\t\t\t\t\t\t<h5 class=\"the7-e-tab-title-text\">\n\t\t\t\t\t\t\tCoaching organizativo y desarrollo de personal\t\t\t\t\t\t<\/h5>\n\t\t\t\t\t<\/div>\n\t\t\t\t\t<div id=\"the7-e-tab-content-1563\" class=\"the7-e-tab-content the7-e-tab-text-content\" data-tab=\"3\" role=\"tabpanel\" aria-labelledby=\"the7-e-tab-title-1563\" tabindex=\"0\" hidden=\"hidden\"><p><strong>ELKHO Group <\/strong>le ayuda a destacar las fortalezas y l\u00edmites de su organizaci\u00f3n. Nuestra intervenci\u00f3n contribuye a fortalecer la cohesi\u00f3n del equipo y el rendimiento colectivo.<\/p>\n<ul>\n<li>Descubrimiento profundo de su organizaci\u00f3n<\/li>\n<li>Comprender sus necesidades y objetivos<\/li>\n<li>Definici\u00f3n y propuesta de acompa\u00f1amiento personalizado<\/li>\n<li>Validaci\u00f3n e implementaci\u00f3n del coaching seleccionado y adaptado a su estructura<\/li>\n<\/ul>\n<p>Adem\u00e1s, <strong>ELKHO Group<\/strong> ofrece un coaching individual adaptado a sus deseos a trav\u00e9s de un proceso de reflexi\u00f3n exhaustivo:<\/p>\n<ul>\n<li>Desarrollo del liderazgo y de la comunicaci\u00f3n<\/li>\n<li>Gesti\u00f3n del tiempo y de la energ\u00eda<\/li>\n<li>Refuerzo de la confianza en s\u00ed mismo<\/li>\n<li>Optimizaci\u00f3n del potencial personal y profesional<\/li>\n<li>Mejora de las habilidades de conducta<\/li>\n<\/ul>\n<\/div>\n\t\t\t\t<\/div>\n\t\t\t\t<span class=\"item-divider\" aria-hidden=\"true\"><\/span>\n\t\t\t\t\t<\/div>\n\t<\/div>\n\t\t\t\t\t\t<\/div>\n\t\t\t\t<\/div>\n\t\t\t\t\t<\/div>\n\t\t<\/div>\n\t\t\t\t\t<\/div>\n\t\t<\/section>\n\t\t\t\t<section class=\"elementor-section elementor-top-section elementor-element elementor-element-f4052b9 elementor-section-boxed elementor-section-height-default elementor-section-height-default\" data-id=\"f4052b9\" data-element_type=\"section\" data-e-type=\"section\">\n\t\t\t\t\t\t<div class=\"elementor-container elementor-column-gap-default\">\n\t\t\t\t\t<div class=\"elementor-column elementor-col-100 elementor-top-column elementor-element elementor-element-20b46c7\" data-id=\"20b46c7\" data-element_type=\"column\" data-e-type=\"column\">\n\t\t\t<div class=\"elementor-widget-wrap\">\n\t\t\t\t\t\t\t<\/div>\n\t\t<\/div>\n\t\t\t\t\t<\/div>\n\t\t<\/section>\n\t\t\t\t<section class=\"elementor-section elementor-top-section elementor-element elementor-element-7145f9d elementor-section-boxed elementor-section-height-default elementor-section-height-default\" data-id=\"7145f9d\" data-element_type=\"section\" data-e-type=\"section\">\n\t\t\t\t\t\t<div class=\"elementor-container elementor-column-gap-default\">\n\t\t\t\t\t<div class=\"elementor-column elementor-col-100 elementor-top-column elementor-element elementor-element-66b2274\" data-id=\"66b2274\" data-element_type=\"column\" data-e-type=\"column\">\n\t\t\t<div class=\"elementor-widget-wrap elementor-element-populated\">\n\t\t\t\t\t\t<div class=\"elementor-element elementor-element-372cc87 elementor-align-center elementor-widget elementor-widget-button\" data-id=\"372cc87\" data-element_type=\"widget\" data-e-type=\"widget\" data-widget_type=\"button.default\">\n\t\t\t\t<div class=\"elementor-widget-container\">\n\t\t\t\t\t\t\t\t\t<div class=\"elementor-button-wrapper\">\n\t\t\t\t\t<a class=\"elementor-button elementor-button-link elementor-size-md\" href=\"https:\/\/www.elkho-group.com\/es\/contacto\/\">\n\t\t\t\t\t\t<span class=\"elementor-button-content-wrapper\">\n\t\t\t\t\t\t\t\t\t<span class=\"elementor-button-text\">Contacto<\/span>\n\t\t\t\t\t<\/span>\n\t\t\t\t\t<\/a>\n\t\t\t\t<\/div>\n\t\t\t\t\t\t\t\t<\/div>\n\t\t\t\t<\/div>\n\t\t\t\t\t<\/div>\n\t\t<\/div>\n\t\t\t\t\t<\/div>\n\t\t<\/section>\n\t\t\t\t<\/div>\n\t\t","protected":false},"excerpt":{"rendered":"<p>Nuestros servicios Adem\u00e1s de nuestra experiencia en contrataci\u00f3n, tambi\u00e9n ofrecemos servicios de evaluaci\u00f3n del rendimiento y coaching organizativo y personal para ayudar a nuestros clientes a alcanzar sus objetivos profesionales. Reclutamiento de ejecutivos y perfiles de alto potencial Evaluaci\u00f3n del rendimiento y las competencias Coaching organizativo y desarrollo de personal Reclutamiento de ejecutivos y perfiles&hellip;<\/p>\n","protected":false},"author":46,"featured_media":0,"parent":0,"menu_order":0,"comment_status":"closed","ping_status":"closed","template":"","meta":{"footnotes":""},"class_list":["post-22493","page","type-page","status-publish","hentry"],"aioseo_notices":[],"_links":{"self":[{"href":"https:\/\/www.elkho-group.com\/es\/wp-json\/wp\/v2\/pages\/22493","targetHints":{"allow":["GET"]}}],"collection":[{"href":"https:\/\/www.elkho-group.com\/es\/wp-json\/wp\/v2\/pages"}],"about":[{"href":"https:\/\/www.elkho-group.com\/es\/wp-json\/wp\/v2\/types\/page"}],"author":[{"embeddable":true,"href":"https:\/\/www.elkho-group.com\/es\/wp-json\/wp\/v2\/users\/46"}],"replies":[{"embeddable":true,"href":"https:\/\/www.elkho-group.com\/es\/wp-json\/wp\/v2\/comments?post=22493"}],"version-history":[{"count":4,"href":"https:\/\/www.elkho-group.com\/es\/wp-json\/wp\/v2\/pages\/22493\/revisions"}],"predecessor-version":[{"id":24203,"href":"https:\/\/www.elkho-group.com\/es\/wp-json\/wp\/v2\/pages\/22493\/revisions\/24203"}],"wp:attachment":[{"href":"https:\/\/www.elkho-group.com\/es\/wp-json\/wp\/v2\/media?parent=22493"}],"curies":[{"name":"wp","href":"https:\/\/api.w.org\/{rel}","templated":true}]}}