{"id":25670,"date":"2024-10-02T11:03:10","date_gmt":"2024-10-02T09:03:10","guid":{"rendered":"https:\/\/www.elkho-group.com\/informacion-juridica-2\/"},"modified":"2024-10-02T11:10:20","modified_gmt":"2024-10-02T09:10:20","slug":"informacion-juridica-2","status":"publish","type":"page","link":"https:\/\/www.elkho-group.com\/es\/informacion-juridica-2\/","title":{"rendered":"Informaci\u00f3n jur\u00eddica:"},"content":{"rendered":"\t\t<div data-elementor-type=\"wp-page\" data-elementor-id=\"25670\" class=\"elementor elementor-25670 elementor-25653\" data-elementor-post-type=\"page\">\n\t\t\t\t\t\t<section class=\"elementor-section elementor-top-section elementor-element elementor-element-0ec5973 elementor-section-boxed elementor-section-height-default elementor-section-height-default\" data-id=\"0ec5973\" data-element_type=\"section\" data-e-type=\"section\">\n\t\t\t\t\t\t<div class=\"elementor-container elementor-column-gap-default\">\n\t\t\t\t\t<div class=\"elementor-column elementor-col-100 elementor-top-column elementor-element elementor-element-3beb531\" data-id=\"3beb531\" data-element_type=\"column\" data-e-type=\"column\">\n\t\t\t<div class=\"elementor-widget-wrap elementor-element-populated\">\n\t\t\t\t\t\t<div class=\"elementor-element elementor-element-cb7e99c elementor-widget elementor-widget-text-editor\" data-id=\"cb7e99c\" data-element_type=\"widget\" data-e-type=\"widget\" data-widget_type=\"text-editor.default\">\n\t\t\t\t<div class=\"elementor-widget-container\">\n\t\t\t\t\t\t\t\t\t<p><strong>Informaci\u00f3n jur\u00eddica:<\/strong><\/p>\n<p>Disposiciones esenciales Responsable de la publicaci\u00f3n :<strong> Carlos EL KHOURY<\/strong><\/p>\n<p>Denominaci\u00f3n social : <strong>ELKHO GROUP<\/strong><\/p>\n<p>Domiciliaci\u00f3n : ELKHO GROUP,14 rue de la barre, 69400 Limas<\/p>\n<p>Estatuto jur\u00eddico: <strong>SASU<\/strong> N\u00b0 de SIREN : <strong>80940113600076<\/strong> Code APE : <strong>7810Z<\/strong><\/p>\n<ul class=\"wp-block-list\">\n<li><strong>Creaci\u00f3n :<\/strong> <a href=\"http:\/\/www.cmultimedia.com\/\">cmultimedia.com<\/a><\/li>\n<li>Dise\u00f1o gr\u00e1fico : cmultimedia.com<\/li>\n<li>Cr\u00e9ditos de las fotos : adobe stock, cmultimedia.com<\/li>\n<li><strong>Alojamiento :<\/strong> OVH infog\u00e9rence <a href=\"https:\/\/www.maintenance-cms-wp.fr\/\">https:\/\/www.maintenance-cms-wp.fr<\/a><\/li>\n<li>Mantenimiento del sitio : <a href=\"https:\/\/www.maintenance-cms-wp.fr\/\">https:\/\/www.maintenance-cms-wp.fr<\/a><\/li>\n<\/ul>\n<p><strong>Todos los derechos reservados:<\/strong><\/p>\n<p>La estructura general, as\u00ed como los textos, im\u00e1genes (animadas o no), sonidos, logotipos y cualquier otro elemento que componga este sitio son propiedad exclusiva del operador del sitio <strong>ELKHO GROUP<\/strong>. Cualquier representaci\u00f3n total o parcial de este sitio, por cualquier procedimiento que sea, sin la autorizaci\u00f3n expresa del operador del sitio <strong>ELKHO GROUP <\/strong>est\u00e1 prohibida y constituir\u00eda una infracci\u00f3n sancionada por los art\u00edculos L.335-2 y siguientes del C\u00f3digo de la Propiedad Intelectual. Las marcas del operador del sitio <strong>ELKHO GROUP<\/strong> y de sus socios, as\u00ed como los logotipos que aparecen en el sitio, son marcas registradas. Cualquier reproducci\u00f3n total o parcial de estas marcas o logotipos, realizada a partir de elementos del sitio, sin la autorizaci\u00f3n expresa del operador del sitio <strong>ELKHO GROUP,<\/strong> est\u00e1 por tanto prohibida, en el sentido del art\u00edculo L.713-2 del C\u00f3digo de la Propiedad Intelectual franc\u00e9s. Otras marcas o logotipos mencionados en este sitio son propiedad de sus respectivos propietarios.   <\/p>\n\t\t\t\t\t\t\t\t<\/div>\n\t\t\t\t<\/div>\n\t\t\t\t\t<\/div>\n\t\t<\/div>\n\t\t\t\t\t<\/div>\n\t\t<\/section>\n\t\t\t\t<\/div>\n\t\t","protected":false},"excerpt":{"rendered":"<p>Informaci\u00f3n jur\u00eddica: Disposiciones esenciales Responsable de la publicaci\u00f3n : Carlos EL KHOURY Denominaci\u00f3n social : ELKHO GROUP Domiciliaci\u00f3n : ELKHO GROUP,14 rue de la barre, 69400 Limas Estatuto jur\u00eddico: SASU N\u00b0 de SIREN : 80940113600076 Code APE : 7810Z Creaci\u00f3n : cmultimedia.com Dise\u00f1o gr\u00e1fico : cmultimedia.com Cr\u00e9ditos de las fotos : adobe stock, cmultimedia.com Alojamiento&hellip;<\/p>\n","protected":false},"author":46,"featured_media":0,"parent":0,"menu_order":0,"comment_status":"closed","ping_status":"closed","template":"","meta":{"footnotes":""},"class_list":["post-25670","page","type-page","status-publish","hentry"],"aioseo_notices":[],"_links":{"self":[{"href":"https:\/\/www.elkho-group.com\/es\/wp-json\/wp\/v2\/pages\/25670","targetHints":{"allow":["GET"]}}],"collection":[{"href":"https:\/\/www.elkho-group.com\/es\/wp-json\/wp\/v2\/pages"}],"about":[{"href":"https:\/\/www.elkho-group.com\/es\/wp-json\/wp\/v2\/types\/page"}],"author":[{"embeddable":true,"href":"https:\/\/www.elkho-group.com\/es\/wp-json\/wp\/v2\/users\/46"}],"replies":[{"embeddable":true,"href":"https:\/\/www.elkho-group.com\/es\/wp-json\/wp\/v2\/comments?post=25670"}],"version-history":[{"count":3,"href":"https:\/\/www.elkho-group.com\/es\/wp-json\/wp\/v2\/pages\/25670\/revisions"}],"predecessor-version":[{"id":25675,"href":"https:\/\/www.elkho-group.com\/es\/wp-json\/wp\/v2\/pages\/25670\/revisions\/25675"}],"wp:attachment":[{"href":"https:\/\/www.elkho-group.com\/es\/wp-json\/wp\/v2\/media?parent=25670"}],"curies":[{"name":"wp","href":"https:\/\/api.w.org\/{rel}","templated":true}]}}